{"id":11242,"date":"2019-03-18T11:01:57","date_gmt":"2019-03-18T10:01:57","guid":{"rendered":"http:\/\/www.carpenteriafaber.it\/tie-rods\/"},"modified":"2025-09-11T12:02:27","modified_gmt":"2025-09-11T10:02:27","slug":"tirantes","status":"publish","type":"page","link":"https:\/\/www.carpenteriafaber.it\/es\/tirantes\/","title":{"rendered":"Tirantes"},"content":{"rendered":"<section class=\"wpb-content-wrapper\"><p>[vc_row css=\u00bb.vc_custom_1552855918130{margin-top: 120px !important;padding-bottom: 100px !important;}\u00bb][vc_column]<div id=\"ultimate-heading-193569ff32f6d158b\" class=\"uvc-heading ult-adjust-bottom-margin ultimate-heading-193569ff32f6d158b uvc-9119 \" data-hspacer=\"image_only\"  data-halign=\"center\" style=\"text-align:center\"><div class=\"uvc-heading-spacer image_only\" style=\"margin-bottom:40px;\"><img decoding=\"async\" src=\"https:\/\/www.carpenteriafaber.it\/wp-content\/uploads\/2019\/03\/v-line.png\" class=\"ultimate-headings-icon-image\" alt=\"null\" style=\"\"\/><\/div><div class=\"uvc-main-heading ult-responsive\"  data-ultimate-target='.uvc-heading.ultimate-heading-193569ff32f6d158b h2'  data-responsive-json-new='{\"font-size\":\"mobile:16px;\",\"line-height\":\"\"}' ><h2 style=\"font-family:&#039;Montserrat&#039;;font-weight:700;margin-bottom:40px;\">TIRANTES<\/h2><\/div><\/div>[vc_column_text]<\/p>\n<p style=\"text-align: center;\">La empresa\u00a0<strong>FABER Srl Unipersonale<\/strong>\u00a0de Montecchio Maggiore (VI) fabrica y exporta en todo el mundo <strong>TIRANTES<\/strong> para telares de hoja de diamante para m\u00e1rmol desde 1990 en colaboraci\u00f3n con algunas empresas l\u00edderes en el sector de corte de la piedra.<br \/>\nActualmente la empresa, tras varios a\u00f1os de experiencia, puede suministrar tirantes completos de todos los grosores y accesorios necesarios. Los tirantes\u00a0<strong>FABER<\/strong>, gracias a una evoluci\u00f3n continua del dise\u00f1o y del proceso de fabricaci\u00f3n, <strong>garantizan una robustez y una resistencia sin igual<\/strong>, y adem\u00e1s evitan desgarres y las consecuentes paradas costosas de la m\u00e1quina.<br \/>\n<strong>Todos los materiales utilizados son aceros especiales\u00a0<em>certificados<\/em><\/strong>\u00a0y los tirantes est\u00e1n garantizados hasta 130 bares de tracci\u00f3n.<\/p>\n<p>&nbsp;<\/p>\n<p style=\"text-align: center;\"><strong><span style=\"color: #ff0000;\">Nuevo producto 2025:<\/span><\/strong><\/p>\n<p style=\"text-align: center;\"><strong><span style=\"color: #ff0000;\">TIRANTES PARA LAMAS DE 1mm<\/span><\/strong><\/p>\n<p>[\/vc_column_text][\/vc_column][\/vc_row][vc_row seperator_enable=\u00bbseperator_enable_value\u00bb seperator_type=\u00bbtriangle_svg_seperator\u00bb seperator_svg_height=\u00bb20&#8243; seperator_shape_background=\u00bb#f7f7f7&#8243; css=\u00bb.vc_custom_1552597411614{margin-top: 120px !important;padding-bottom: 100px !important;}\u00bb][vc_column]<div id=\"ultimate-heading-130569ff32f6d1606\" class=\"uvc-heading ult-adjust-bottom-margin ultimate-heading-130569ff32f6d1606 uvc-1525 \" data-hspacer=\"image_only\"  data-halign=\"center\" style=\"text-align:center\"><div class=\"uvc-heading-spacer image_only\" style=\"margin-bottom:40px;\"><img decoding=\"async\" src=\"https:\/\/www.carpenteriafaber.it\/wp-content\/uploads\/2019\/03\/v-line.png\" class=\"ultimate-headings-icon-image\" alt=\"null\" style=\"\"\/><\/div><div class=\"uvc-main-heading ult-responsive\"  data-ultimate-target='.uvc-heading.ultimate-heading-130569ff32f6d1606 h2'  data-responsive-json-new='{\"font-size\":\"mobile:16px;\",\"line-height\":\"\"}' ><h2 style=\"font-family:&#039;Montserrat&#039;;font-weight:700;margin-bottom:40px;\">TIRANTES PARA M\u00c1RMOL<\/h2><\/div><\/div>[vc_column_text]<\/p>\n<p style=\"text-align: center;\">Nuestros tirantes mec\u00e1nicos e hidr\u00e1ulicos para el corte de m\u00e1rmol empiezan con un enst\u00e1ndar m\u00ednimo de 15mm; a pedido del Cliente podemos fabricar tambi\u00e9n tirantes de grosor inferior.<br \/>\nFabricamos adem\u00e1s todos los accesorios necesarios, como tornillos de recambio, pistones y espaciadores en acero especial.<br \/>\n<strong>Nuestra gama completa de espaciadores en acero empieza con el corte 10mm hasta 300mm.<\/strong><\/p>\n<p style=\"text-align: center;\"><em><strong>Faber est\u00e1 disponible para la construcci\u00f3n de tirantes especiales como dise\u00f1o o muestra del cliente. <\/strong>\u00a0\u00a0\u00a0<\/em><\/p>\n<p>[\/vc_column_text][\/vc_column][\/vc_row][vc_row][vc_column width=\u00bb1\/12&#8243;][\/vc_column][vc_column width=\u00bb5\/6&#8243;][vc_row_inner equal_height=\u00bbyes\u00bb content_placement=\u00bbmiddle\u00bb][vc_column_inner width=\u00bb2\/3&#8243;][vc_single_image image=\u00bb10758&#8243; img_size=\u00bbfull\u00bb][\/vc_column_inner][vc_column_inner width=\u00bb1\/3&#8243;][vc_column_text]tirante meccanico posteriore<br \/>\ntaglio 10\/20[\/vc_column_text][\/vc_column_inner][\/vc_row_inner][vc_row_inner equal_height=\u00bbyes\u00bb content_placement=\u00bbmiddle\u00bb][vc_column_inner width=\u00bb2\/3&#8243;][vc_single_image image=\u00bb10759&#8243; img_size=\u00bbfull\u00bb][\/vc_column_inner][vc_column_inner width=\u00bb1\/3&#8243;][vc_column_text]tirante idraulico e meccanico posteriore<br \/>\ntaglio 10\/20[\/vc_column_text][\/vc_column_inner][\/vc_row_inner][vc_row_inner equal_height=\u00bbyes\u00bb content_placement=\u00bbmiddle\u00bb][vc_column_inner width=\u00bb2\/3&#8243;][vc_single_image image=\u00bb10760&#8243; img_size=\u00bbfull\u00bb][\/vc_column_inner][vc_column_inner width=\u00bb1\/3&#8243;][vc_column_text]tirante idraulico anteriore<br \/>\ntaglio 10\/20[\/vc_column_text][\/vc_column_inner][\/vc_row_inner][vc_row_inner equal_height=\u00bbyes\u00bb content_placement=\u00bbmiddle\u00bb][vc_column_inner width=\u00bb2\/3&#8243;][vc_single_image image=\u00bb10761&#8243; img_size=\u00bbfull\u00bb][\/vc_column_inner][vc_column_inner width=\u00bb1\/3&#8243;][vc_column_text]tirante idraulico anteriore<br \/>\ntaglio 10\/20[\/vc_column_text][\/vc_column_inner][\/vc_row_inner][vc_row_inner equal_height=\u00bbyes\u00bb content_placement=\u00bbmiddle\u00bb][vc_column_inner width=\u00bb2\/3&#8243;][vc_single_image image=\u00bb10762&#8243; img_size=\u00bbfull\u00bb][\/vc_column_inner][vc_column_inner width=\u00bb1\/3&#8243;][vc_column_text]tirante meccanico anteriore<br \/>\ntaglio 10\/20[\/vc_column_text][\/vc_column_inner][\/vc_row_inner][\/vc_column][vc_column width=\u00bb1\/12&#8243;][\/vc_column][\/vc_row][vc_row seperator_enable=\u00bbseperator_enable_value\u00bb seperator_type=\u00bbtriangle_svg_seperator\u00bb seperator_svg_height=\u00bb20&#8243; seperator_shape_background=\u00bb#f7f7f7&#8243; css=\u00bb.vc_custom_1552597411614{margin-top: 120px !important;padding-bottom: 100px !important;}\u00bb][vc_column]<div id=\"ultimate-heading-237869ff32f6d165a\" class=\"uvc-heading ult-adjust-bottom-margin ultimate-heading-237869ff32f6d165a uvc-4934 \" data-hspacer=\"image_only\"  data-halign=\"center\" style=\"text-align:center\"><div class=\"uvc-heading-spacer image_only\" style=\"margin-bottom:40px;\"><img decoding=\"async\" src=\"https:\/\/www.carpenteriafaber.it\/wp-content\/uploads\/2019\/03\/v-line.png\" class=\"ultimate-headings-icon-image\" alt=\"null\" style=\"\"\/><\/div><div class=\"uvc-main-heading ult-responsive\"  data-ultimate-target='.uvc-heading.ultimate-heading-237869ff32f6d165a h2'  data-responsive-json-new='{\"font-size\":\"mobile:16px;\",\"line-height\":\"\"}' ><h2 style=\"font-family:&#039;Montserrat&#039;;font-weight:700;margin-bottom:40px;\">DOCUMENTAZIONE<\/h2><\/div><\/div>[\/vc_column][\/vc_row][vc_row][vc_column width=\u00bb1\/12&#8243;][\/vc_column][vc_column width=\u00bb5\/6&#8243;][vc_row_inner equal_height=\u00bbyes\u00bb content_placement=\u00bbmiddle\u00bb][vc_column_inner width=\u00bb1\/6&#8243; offset=\u00bbvc_col-lg-2 vc_col-md-3 vc_col-xs-6&#8243;][vc_single_image image=\u00bb10757&#8243; img_size=\u00bbfull\u00bb alignment=\u00bbcenter\u00bb onclick=\u00bbcustom_link\u00bb img_link_target=\u00bb_blank\u00bb link=\u00bb\/wp-content\/uploads\/2020\/10\/MARMO1.pdf\u00bb el_class=\u00bbicona\u00bb][vc_column_text]<\/p>\n<h6 style=\"text-align: center;\">Marmo1<\/h6>\n<p>[\/vc_column_text][vc_empty_space height=\u00bb25px\u00bb][\/vc_column_inner][vc_column_inner width=\u00bb1\/6&#8243; offset=\u00bbvc_col-lg-2 vc_col-md-3 vc_col-xs-6&#8243;][vc_single_image image=\u00bb10757&#8243; img_size=\u00bbfull\u00bb alignment=\u00bbcenter\u00bb onclick=\u00bbcustom_link\u00bb img_link_target=\u00bb_blank\u00bb link=\u00bb\/wp-content\/uploads\/2020\/10\/MARMO2.pdf\u00bb el_class=\u00bbicona\u00bb][vc_column_text]<\/p>\n<h6 style=\"text-align: center;\">Marmo2<\/h6>\n<p>[\/vc_column_text][vc_empty_space height=\u00bb25px\u00bb][\/vc_column_inner][vc_column_inner width=\u00bb1\/6&#8243; offset=\u00bbvc_col-lg-2 vc_col-md-3 vc_col-xs-6&#8243;][vc_single_image image=\u00bb10757&#8243; img_size=\u00bbfull\u00bb alignment=\u00bbcenter\u00bb onclick=\u00bbcustom_link\u00bb img_link_target=\u00bb_blank\u00bb link=\u00bb\/wp-content\/uploads\/2020\/10\/MARMO3.pdf\u00bb el_class=\u00bbicona\u00bb][vc_column_text]<\/p>\n<h6 style=\"text-align: center;\">Marmo3<\/h6>\n<p>[\/vc_column_text][vc_empty_space height=\u00bb25px\u00bb][\/vc_column_inner][vc_column_inner width=\u00bb1\/6&#8243; offset=\u00bbvc_col-lg-2 vc_col-md-3 vc_col-xs-6&#8243;][vc_single_image image=\u00bb10757&#8243; img_size=\u00bbfull\u00bb alignment=\u00bbcenter\u00bb onclick=\u00bbcustom_link\u00bb img_link_target=\u00bb_blank\u00bb link=\u00bb\/wp-content\/uploads\/2020\/10\/MARMO4.pdf\u00bb el_class=\u00bbicona\u00bb][vc_column_text]<\/p>\n<h6 style=\"text-align: center;\">Marmo4<\/h6>\n<p>[\/vc_column_text][vc_empty_space height=\u00bb25px\u00bb][\/vc_column_inner][vc_column_inner width=\u00bb1\/6&#8243; offset=\u00bbvc_col-lg-2 vc_col-md-3 vc_col-xs-6&#8243;][vc_single_image image=\u00bb10757&#8243; img_size=\u00bbfull\u00bb alignment=\u00bbcenter\u00bb onclick=\u00bbcustom_link\u00bb img_link_target=\u00bb_blank\u00bb link=\u00bb\/wp-content\/uploads\/2020\/10\/MARMO5.pdf\u00bb el_class=\u00bbicona\u00bb][vc_column_text]<\/p>\n<h6 style=\"text-align: center;\">Marmo5<\/h6>\n<p>[\/vc_column_text][vc_empty_space height=\u00bb25px\u00bb][\/vc_column_inner][vc_column_inner width=\u00bb1\/6&#8243; offset=\u00bbvc_col-lg-2 vc_col-md-3 vc_col-xs-6&#8243;][vc_single_image image=\u00bb10757&#8243; img_size=\u00bbfull\u00bb alignment=\u00bbcenter\u00bb onclick=\u00bbcustom_link\u00bb img_link_target=\u00bb_blank\u00bb link=\u00bb\/wp-content\/uploads\/2019\/03\/DISTANZIATORI.pdf\u00bb el_class=\u00bbicona\u00bb][vc_column_text]<\/p>\n<h6 style=\"text-align: center;\">Distanziatori<\/h6>\n<p>[\/vc_column_text][vc_empty_space height=\u00bb25px\u00bb][\/vc_column_inner][\/vc_row_inner][\/vc_column][vc_column width=\u00bb1\/12&#8243;][\/vc_column][\/vc_row][vc_row seperator_enable=\u00bbseperator_enable_value\u00bb seperator_type=\u00bbtriangle_svg_seperator\u00bb seperator_svg_height=\u00bb20&#8243; seperator_shape_background=\u00bb#f7f7f7&#8243; css=\u00bb.vc_custom_1552597411614{margin-top: 120px !important;padding-bottom: 100px !important;}\u00bb][vc_column]<div id=\"ultimate-heading-890569ff32f6d16ad\" class=\"uvc-heading ult-adjust-bottom-margin ultimate-heading-890569ff32f6d16ad uvc-2471 \" data-hspacer=\"image_only\"  data-halign=\"center\" style=\"text-align:center\"><div class=\"uvc-heading-spacer image_only\" style=\"margin-bottom:40px;\"><img decoding=\"async\" src=\"https:\/\/www.carpenteriafaber.it\/wp-content\/uploads\/2019\/03\/v-line.png\" class=\"ultimate-headings-icon-image\" alt=\"null\" style=\"\"\/><\/div><div class=\"uvc-main-heading ult-responsive\"  data-ultimate-target='.uvc-heading.ultimate-heading-890569ff32f6d16ad h2'  data-responsive-json-new='{\"font-size\":\"mobile:16px;\",\"line-height\":\"\"}' ><h2 style=\"font-family:&#039;Montserrat&#039;;font-weight:700;margin-bottom:40px;\">GALLERY<\/h2><\/div><\/div>[\/vc_column][\/vc_row][vc_row css=\u00bb.vc_custom_1552635873337{padding-bottom: 150px !important;}\u00bb][vc_column width=\u00bb1\/3&#8243;][vc_single_image image=\u00bb10701&#8243; img_size=\u00bbfull\u00bb][vc_empty_space height=\u00bb20px\u00bb][\/vc_column][vc_column width=\u00bb1\/3&#8243;][vc_single_image image=\u00bb10702&#8243; img_size=\u00bbfull\u00bb][vc_empty_space height=\u00bb20px\u00bb][\/vc_column][vc_column width=\u00bb1\/3&#8243;][vc_single_image image=\u00bb10703&#8243; img_size=\u00bbfull\u00bb][vc_empty_space height=\u00bb20px\u00bb][\/vc_column][\/vc_row]<\/p>\n<\/section>","protected":false},"excerpt":{"rendered":"<p>[vc_row css=\u00bb.vc_custom_1552855918130{margin-top: 120px !important;padding-bottom: 100px !important;}\u00bb][vc_column][vc_column_text] La empresa\u00a0FABER Srl Unipersonale\u00a0de Montecchio Maggiore (VI) fabrica y exporta en todo el mundo TIRANTES para telares de hoja de diamante para m\u00e1rmol desde 1990 en colaboraci\u00f3n con algunas empresas l\u00edderes en el sector de corte de la piedra. Actualmente la empresa, tras varios a\u00f1os de experiencia, puede suministrar [&hellip;]<\/p>\n","protected":false},"author":1,"featured_media":0,"parent":0,"menu_order":0,"comment_status":"closed","ping_status":"closed","template":"page.php","meta":{"footnotes":""},"class_list":["post-11242","page","type-page","status-publish","hentry"],"_links":{"self":[{"href":"https:\/\/www.carpenteriafaber.it\/es\/wp-json\/wp\/v2\/pages\/11242","targetHints":{"allow":["GET"]}}],"collection":[{"href":"https:\/\/www.carpenteriafaber.it\/es\/wp-json\/wp\/v2\/pages"}],"about":[{"href":"https:\/\/www.carpenteriafaber.it\/es\/wp-json\/wp\/v2\/types\/page"}],"author":[{"embeddable":true,"href":"https:\/\/www.carpenteriafaber.it\/es\/wp-json\/wp\/v2\/users\/1"}],"replies":[{"embeddable":true,"href":"https:\/\/www.carpenteriafaber.it\/es\/wp-json\/wp\/v2\/comments?post=11242"}],"version-history":[{"count":5,"href":"https:\/\/www.carpenteriafaber.it\/es\/wp-json\/wp\/v2\/pages\/11242\/revisions"}],"predecessor-version":[{"id":11539,"href":"https:\/\/www.carpenteriafaber.it\/es\/wp-json\/wp\/v2\/pages\/11242\/revisions\/11539"}],"wp:attachment":[{"href":"https:\/\/www.carpenteriafaber.it\/es\/wp-json\/wp\/v2\/media?parent=11242"}],"curies":[{"name":"wp","href":"https:\/\/api.w.org\/{rel}","templated":true}]}}